{"id":63,"date":"2020-12-29T11:06:25","date_gmt":"2020-12-29T10:06:25","guid":{"rendered":"http:\/\/www1.perfekt-izolace.cz\/?page_id=63"},"modified":"2021-01-02T12:19:17","modified_gmt":"2021-01-02T11:19:17","slug":"main","status":"publish","type":"page","link":"https:\/\/www.perfekt-izolace.cz\/","title":{"rendered":"Main"},"content":{"rendered":"<p>[et_pb_section fb_built=&#8220;1&#8243; _builder_version=&#8220;4.7.7&#8243; _module_preset=&#8220;default&#8220; custom_margin=&#8220;-50px||||false|false&#8220;][et_pb_row _builder_version=&#8220;4.7.7&#8243; _module_preset=&#8220;default&#8220;][et_pb_column type=&#8220;4_4&#8243; _builder_version=&#8220;4.7.7&#8243; _module_preset=&#8220;default&#8220;][et_pb_divider divider_style=&#8220;dotted&#8220; divider_weight=&#8220;2px&#8220; _builder_version=&#8220;4.7.7&#8243; _module_preset=&#8220;default&#8220;][\/et_pb_divider][\/et_pb_column][\/et_pb_row][et_pb_row column_structure=&#8220;1_3,1_3,1_3&#8243; _builder_version=&#8220;4.7.7&#8243; _module_preset=&#8220;default&#8220;][et_pb_column type=&#8220;1_3&#8243; _builder_version=&#8220;4.7.7&#8243; _module_preset=&#8220;default&#8220;][et_pb_image src=&#8220;http:\/\/www1.perfekt-izolace.cz\/wp-content\/uploads\/2020\/12\/ploche-strechy.jpg&#8220; title_text=&#8220;ploche strechy&#8220; align=&#8220;center&#8220; _builder_version=&#8220;4.7.7&#8243; _module_preset=&#8220;default&#8220; width=&#8220;80%&#8220; border_width_all=&#8220;3px&#8220;][\/et_pb_image][et_pb_text _builder_version=&#8220;4.7.7&#8243; _module_preset=&#8220;default&#8220; text_font_size=&#8220;16px&#8220; width=&#8220;80%&#8220; module_alignment=&#8220;center&#8220; custom_margin=&#8220;15px||||false|false&#8220;]<\/p>\n<p style=\"text-align: center;\"><strong>PLOCH\u00c9 ST\u0158ECHY<\/strong><\/p>\n<p>[\/et_pb_text][et_pb_text _builder_version=&#8220;4.7.7&#8243; _module_preset=&#8220;default&#8220; width=&#8220;80%&#8220; module_alignment=&#8220;center&#8220; custom_margin=&#8220;10px||||false|false&#8220;]<\/p>\n<p style=\"text-align: center;\">P\u0159ijedeme na Va\u0161i st\u0159echu. Pokud bezpe\u010dn\u011b nezn\u00e1te st\u00e1vaj\u00edc\u00ed skladbu st\u0159e\u0161n\u00edho pl\u00e1\u0161t\u011b, provedeme sondu a\u017e na stropn\u00ed konstrukci\u00a0 a zjist\u00edme si ji sami. Je to z\u00e1sadn\u00ed informace pro n\u00e1vrh \u0159e\u0161en\u00ed rekonstrukce st\u0159e\u0161n\u00edho pl\u00e1\u0161t\u011b. Z\u00e1rove\u0148 zam\u011b\u0159\u00edme skute\u010dn\u00e9 rozm\u011bry st\u0159echy a nadst\u0159e\u0161n\u00edch konstrukc\u00ed, jako v\u00fdtahov\u00e9 n\u00e1stavby \u010di \u0161achty VZT a jejich stav. Na z\u00e1klad\u011b t\u011bchto informac\u00ed vypracujeme komplexn\u00ed n\u00e1vrh \u0159e\u0161en\u00ed a cenovou nab\u00eddku, kter\u00e1 bude obsahovat v\u0161e, \u00a0co je pot\u0159ebn\u00e9 k\u00a0proveden\u00ed cel\u00e9ho d\u00edla, tak zvan\u011b na kl\u00ed\u010d.<\/p>\n<p style=\"text-align: center;\">Nen\u00ed pravda, \u017ee ploch\u00e9 st\u0159echy jsou \u0161patn\u00fdm \u0159e\u0161en\u00edm. Je to o pe\u010dlivosti a znalostech lid\u00ed, kte\u0159\u00ed je prov\u00e1d\u011bj\u00ed a jak\u00fd materi\u00e1l zvol\u00ed.<\/p>\n<p>[\/et_pb_text][\/et_pb_column][et_pb_column type=&#8220;1_3&#8243; _builder_version=&#8220;4.7.7&#8243; _module_preset=&#8220;default&#8220;][et_pb_image src=&#8220;http:\/\/www1.perfekt-izolace.cz\/wp-content\/uploads\/2020\/12\/terasy.jpg&#8220; title_text=&#8220;terasy&#8220; align=&#8220;center&#8220; _builder_version=&#8220;4.7.7&#8243; _module_preset=&#8220;default&#8220; width=&#8220;80%&#8220; border_width_all=&#8220;3px&#8220;][\/et_pb_image][et_pb_text _builder_version=&#8220;4.7.7&#8243; _module_preset=&#8220;default&#8220; text_font_size=&#8220;16px&#8220; width=&#8220;80%&#8220; module_alignment=&#8220;center&#8220; custom_margin=&#8220;15px||||false|false&#8220;]<\/p>\n<p style=\"text-align: center;\"><strong>TERASY A BALK\u00d3NY<\/strong><\/p>\n<p>[\/et_pb_text][et_pb_text _builder_version=&#8220;4.7.7&#8243; _module_preset=&#8220;default&#8220; width=&#8220;80%&#8220; module_alignment=&#8220;center&#8220; custom_margin=&#8220;10px||||false|false&#8220;]<\/p>\n<p style=\"text-align: center;\">Tady prov\u00e1d\u00edme hydroizolaci ze z\u00e1sady pouze m\u011bk\u010denou PVC f\u00f3li\u00ed se spodn\u00ed separa\u010dn\u00ed geotext\u00edli\u00ed a horn\u00ed ochranou, dren\u00e1\u017en\u00ed vrstvou PETEXDREN 900. D\u00e1le mus\u00ed n\u00e1sledovat n\u00e1\u0161lapn\u00e9 vrstvy jako dla\u017eba na ter\u010de \u010di d\u0159ev\u011bn\u00e9 ro\u0161ty, kter\u00e9 si zajist\u00ed z\u00e1kazn\u00edk s\u00e1m, anebo my zajist\u00edme subdodavatele.<\/p>\n<p style=\"text-align: center;\">Je to z\u00a0dlouh\u00e9 praxe bezpe\u010dn\u00e9 a funk\u010dn\u00ed \u0159e\u0161en\u00ed bez starost\u00ed.<\/p>\n<p>[\/et_pb_text][\/et_pb_column][et_pb_column type=&#8220;1_3&#8243; _builder_version=&#8220;4.7.7&#8243; _module_preset=&#8220;default&#8220;][et_pb_image src=&#8220;http:\/\/www1.perfekt-izolace.cz\/wp-content\/uploads\/2020\/12\/spodni-stavby.jpg&#8220; title_text=&#8220;spodni stavby&#8220; align=&#8220;center&#8220; _builder_version=&#8220;4.7.7&#8243; _module_preset=&#8220;default&#8220; width=&#8220;80%&#8220; border_width_all=&#8220;3px&#8220;][\/et_pb_image][et_pb_text _builder_version=&#8220;4.7.7&#8243; _module_preset=&#8220;default&#8220; text_font_size=&#8220;16px&#8220; custom_margin=&#8220;15px||||false|false&#8220;]<\/p>\n<p style=\"text-align: center;\"><strong>HYDROIZOLACE SPODN\u00cd STAVBY<\/strong><\/p>\n<p>[\/et_pb_text][et_pb_text _builder_version=&#8220;4.7.7&#8243; _module_preset=&#8220;default&#8220; width=&#8220;80%&#8220; module_alignment=&#8220;center&#8220; custom_margin=&#8220;10px||||false|false&#8220;]<\/p>\n<p style=\"text-align: center;\">Hydroizolaci spodn\u00ed stavby doporu\u010dujeme prov\u00e1d\u011bt dvouvrstv\u00fdm syst\u00e9mem SBS modifikovan\u00fdch asfaltov\u00fdch p\u00e1s\u016f v\u00a0cel\u00e9 plo\u0161e nar\u00e1z s\u00a0p\u0159ekryt\u00edm ochrann\u00e9 vrstvy betonov\u00e9ho pot\u011bru. Tak se vyhnete p\u0159\u00edpadn\u00e9mu po\u0161kozen\u00ed hydroizolace a v\u00fdstavba je v\u00a0klidu. U \u010dasto pou\u017e\u00edvan\u00e9ho postupu, kdy se prvn\u00ed natav\u00ed pruhy hydroizolace pouze pod zdivo, m\u016f\u017ee doch\u00e1zet k\u00a0prora\u017een\u00ed v\u00a0pat\u011b zdiva, \u010di nevych\u00e1z\u00ed dostate\u010dn\u00e9 p\u0159esahy pro napojen\u00ed. B\u011b\u017en\u011b si p\u0159es hydroizolaci zedn\u00edci p\u0159ichyt\u00ed h\u0159eb\u00edkem vod\u00edc\u00ed la\u0165, a probl\u00e9m je na sv\u011bt\u011b. Nav\u00edc p\u0159i n\u00e1sledn\u00e9m propojen\u00ed hydroizolace je v\u011bt\u0161\u00ed spot\u0159eba materi\u00e1lu a v\u00edce kritick\u00fdch spoj\u016f.<\/p>\n<p style=\"text-align: center;\">V\u011b\u0159te, \u017ee celoplo\u0161n\u011b proveden\u00e1 hydroizolace s\u00a0kryc\u00edm betonem se V\u00e1m vyplat\u00ed. Stavbu jen tak nezvednete a neoprav\u00edte po\u0161kozen\u00e1 m\u00edsta. P\u0159\u00edpadn\u00e1 oprava chemickou injekt\u00e1\u017e\u00ed je n\u00e1kladn\u00e1 a nen\u00ed zaru\u010den\u00e1.<\/p>\n<p>[\/et_pb_text][\/et_pb_column][\/et_pb_row][\/et_pb_section][et_pb_section fb_built=&#8220;1&#8243; _builder_version=&#8220;4.7.7&#8243; _module_preset=&#8220;default&#8220;][et_pb_row _builder_version=&#8220;4.7.7&#8243; _module_preset=&#8220;default&#8220;][et_pb_column type=&#8220;4_4&#8243; _builder_version=&#8220;4.7.7&#8243; _module_preset=&#8220;default&#8220;][et_pb_divider divider_style=&#8220;dotted&#8220; divider_weight=&#8220;2px&#8220; _builder_version=&#8220;4.7.7&#8243; _module_preset=&#8220;default&#8220;][\/et_pb_divider][et_pb_text _builder_version=&#8220;4.7.7&#8243; _module_preset=&#8220;default&#8220; text_font_size=&#8220;16px&#8220; custom_padding=&#8220;0px||15px||false|false&#8220;]<\/p>\n<p style=\"text-align: center;\"><strong>UK\u00c1ZKY NA\u0160\u00cd PR\u00c1CE<\/strong><\/p>\n<p>[\/et_pb_text][et_pb_gallery gallery_ids=&#8220;145,146,147,148,149,150,151,152,153,154,155,156,157,158,159,160,161,162,163,164,165,166,167,168,169,170,171,172,173,174,175,176,177,178,179,180,181,182,183,184,185,186,187,188&#8243; show_title_and_caption=&#8220;off&#8220; _builder_version=&#8220;4.7.7&#8243; _module_preset=&#8220;default&#8220; hover_enabled=&#8220;0&#8243; sticky_enabled=&#8220;0&#8243;][\/et_pb_gallery][\/et_pb_column][\/et_pb_row][et_pb_row _builder_version=&#8220;4.7.7&#8243; _module_preset=&#8220;default&#8220;][et_pb_column type=&#8220;4_4&#8243; _builder_version=&#8220;4.7.7&#8243; _module_preset=&#8220;default&#8220;][et_pb_divider divider_style=&#8220;dotted&#8220; divider_weight=&#8220;2px&#8220; _builder_version=&#8220;4.7.7&#8243; _module_preset=&#8220;default&#8220;][\/et_pb_divider][\/et_pb_column][\/et_pb_row][et_pb_row column_structure=&#8220;1_2,1_2&#8243; _builder_version=&#8220;4.7.7&#8243; _module_preset=&#8220;default&#8220; background_color=&#8220;rgba(0,0,0,0)&#8220;][et_pb_column type=&#8220;1_2&#8243; _builder_version=&#8220;4.7.7&#8243; _module_preset=&#8220;default&#8220;][et_pb_text _builder_version=&#8220;4.7.7&#8243; _module_preset=&#8220;default&#8220; text_font_size=&#8220;16px&#8220; custom_padding=&#8220;||10px||false|false&#8220;]<\/p>\n<p><strong>ZANECHTE N\u00c1M ZPR\u00c1VU<\/strong><\/p>\n<p>[\/et_pb_text][et_pb_contact_form email=&#8220;radim@dongres.net&#8220; success_message=&#8220;Va\u0161e zpr\u00e1va byla odesl\u00e1na&#8220; submit_button_text=&#8220;Odeslat&#8220; _builder_version=&#8220;4.7.7&#8243; _module_preset=&#8220;default&#8220;][et_pb_contact_field field_id=&#8220;Jm\u00e9no&#8220; field_title=&#8220;Jm\u00e9no&#8220; fullwidth_field=&#8220;on&#8220; _builder_version=&#8220;4.7.7&#8243; button_text_size__hover_enabled=&#8220;off&#8220; button_one_text_size__hover_enabled=&#8220;off&#8220; button_two_text_size__hover_enabled=&#8220;off&#8220; button_text_color__hover_enabled=&#8220;off&#8220; button_one_text_color__hover_enabled=&#8220;off&#8220; button_two_text_color__hover_enabled=&#8220;off&#8220; button_border_width__hover_enabled=&#8220;off&#8220; button_one_border_width__hover_enabled=&#8220;off&#8220; button_two_border_width__hover_enabled=&#8220;off&#8220; button_border_color__hover_enabled=&#8220;off&#8220; button_one_border_color__hover_enabled=&#8220;off&#8220; button_two_border_color__hover_enabled=&#8220;off&#8220; button_border_radius__hover_enabled=&#8220;off&#8220; button_one_border_radius__hover_enabled=&#8220;off&#8220; button_two_border_radius__hover_enabled=&#8220;off&#8220; button_letter_spacing__hover_enabled=&#8220;off&#8220; button_one_letter_spacing__hover_enabled=&#8220;off&#8220; button_two_letter_spacing__hover_enabled=&#8220;off&#8220; button_bg_color__hover_enabled=&#8220;off&#8220; button_one_bg_color__hover_enabled=&#8220;off&#8220; button_two_bg_color__hover_enabled=&#8220;off&#8220;][\/et_pb_contact_field][et_pb_contact_field field_id=&#8220;Email&#8220; field_title=&#8220;E-mailov\u00e1 adresa&#8220; field_type=&#8220;email&#8220; fullwidth_field=&#8220;on&#8220; _builder_version=&#8220;4.7.7&#8243; button_text_size__hover_enabled=&#8220;off&#8220; button_one_text_size__hover_enabled=&#8220;off&#8220; button_two_text_size__hover_enabled=&#8220;off&#8220; button_text_color__hover_enabled=&#8220;off&#8220; button_one_text_color__hover_enabled=&#8220;off&#8220; button_two_text_color__hover_enabled=&#8220;off&#8220; button_border_width__hover_enabled=&#8220;off&#8220; button_one_border_width__hover_enabled=&#8220;off&#8220; button_two_border_width__hover_enabled=&#8220;off&#8220; button_border_color__hover_enabled=&#8220;off&#8220; button_one_border_color__hover_enabled=&#8220;off&#8220; button_two_border_color__hover_enabled=&#8220;off&#8220; button_border_radius__hover_enabled=&#8220;off&#8220; button_one_border_radius__hover_enabled=&#8220;off&#8220; button_two_border_radius__hover_enabled=&#8220;off&#8220; button_letter_spacing__hover_enabled=&#8220;off&#8220; button_one_letter_spacing__hover_enabled=&#8220;off&#8220; button_two_letter_spacing__hover_enabled=&#8220;off&#8220; button_bg_color__hover_enabled=&#8220;off&#8220; button_one_bg_color__hover_enabled=&#8220;off&#8220; button_two_bg_color__hover_enabled=&#8220;off&#8220;][\/et_pb_contact_field][et_pb_contact_field field_id=&#8220;Zpr\u00e1va&#8220; field_title=&#8220;Zpr\u00e1va&#8220; field_type=&#8220;text&#8220; fullwidth_field=&#8220;on&#8220; _builder_version=&#8220;4.7.7&#8243; height=&#8220;260px&#8220; button_text_size__hover_enabled=&#8220;off&#8220; button_one_text_size__hover_enabled=&#8220;off&#8220; button_two_text_size__hover_enabled=&#8220;off&#8220; button_text_color__hover_enabled=&#8220;off&#8220; button_one_text_color__hover_enabled=&#8220;off&#8220; button_two_text_color__hover_enabled=&#8220;off&#8220; button_border_width__hover_enabled=&#8220;off&#8220; button_one_border_width__hover_enabled=&#8220;off&#8220; button_two_border_width__hover_enabled=&#8220;off&#8220; button_border_color__hover_enabled=&#8220;off&#8220; button_one_border_color__hover_enabled=&#8220;off&#8220; button_two_border_color__hover_enabled=&#8220;off&#8220; button_border_radius__hover_enabled=&#8220;off&#8220; button_one_border_radius__hover_enabled=&#8220;off&#8220; button_two_border_radius__hover_enabled=&#8220;off&#8220; button_letter_spacing__hover_enabled=&#8220;off&#8220; button_one_letter_spacing__hover_enabled=&#8220;off&#8220; button_two_letter_spacing__hover_enabled=&#8220;off&#8220; button_bg_color__hover_enabled=&#8220;off&#8220; button_one_bg_color__hover_enabled=&#8220;off&#8220; button_two_bg_color__hover_enabled=&#8220;off&#8220;][\/et_pb_contact_field][\/et_pb_contact_form][\/et_pb_column][et_pb_column type=&#8220;1_2&#8243; _builder_version=&#8220;4.7.7&#8243; _module_preset=&#8220;default&#8220;][et_pb_text _builder_version=&#8220;4.7.7&#8243; _module_preset=&#8220;default&#8220; text_font_size=&#8220;16px&#8220; custom_margin=&#8220;|||80px|false|false&#8220; custom_padding=&#8220;||10px||false|false&#8220;]<\/p>\n<p><strong>KONTAKT<\/strong><\/p>\n<p>[\/et_pb_text][et_pb_text _builder_version=&#8220;4.7.7&#8243; _module_preset=&#8220;default&#8220; custom_margin=&#8220;|||80px|false|false&#8220;]<\/p>\n<p>PERFEKT-izolace s.r.o.<br \/> Na V\u00e1clavce 15<br \/> 150 00 Praha 5<\/p>\n<p><strong>MOBIL:<\/strong> 603 460 463, 604 258 290<br \/> <strong>E-MAIL:<\/strong> <a href=\"mailto:info@perfekt-izolace.cz\">info@perfekt-izolace.cz<\/a><\/p>\n<p>[\/et_pb_text][et_pb_code _builder_version=&#8220;4.7.7&#8243; _module_preset=&#8220;default&#8220; custom_margin=&#8220;15px|||80px|false|false&#8220; hover_enabled=&#8220;0&#8243; sticky_enabled=&#8220;0&#8243;]<iframe loading=\"lazy\" style=\"border:none\" src=\"https:\/\/frame.mapy.cz\/s\/nafofagame\" width=\"400\" height=\"280\" frameborder=\"0\"><\/iframe>[\/et_pb_code][\/et_pb_column][\/et_pb_row][\/et_pb_section]<\/p>\n","protected":false},"excerpt":{"rendered":"<p>PLOCH\u00c9 ST\u0158ECHYP\u0159ijedeme na Va\u0161i st\u0159echu. Pokud bezpe\u010dn\u011b nezn\u00e1te st\u00e1vaj\u00edc\u00ed skladbu st\u0159e\u0161n\u00edho pl\u00e1\u0161t\u011b, provedeme sondu a\u017e na stropn\u00ed konstrukci\u00a0 a zjist\u00edme si ji sami. Je to z\u00e1sadn\u00ed informace pro n\u00e1vrh \u0159e\u0161en\u00ed rekonstrukce st\u0159e\u0161n\u00edho pl\u00e1\u0161t\u011b. Z\u00e1rove\u0148 zam\u011b\u0159\u00edme skute\u010dn\u00e9 rozm\u011bry st\u0159echy a nadst\u0159e\u0161n\u00edch konstrukc\u00ed, jako v\u00fdtahov\u00e9 n\u00e1stavby \u010di \u0161achty VZT a jejich stav. Na z\u00e1klad\u011b t\u011bchto informac\u00ed vypracujeme [&hellip;]<\/p>\n","protected":false},"author":1,"featured_media":0,"parent":0,"menu_order":0,"comment_status":"closed","ping_status":"closed","template":"","meta":{"_et_pb_use_builder":"on","_et_pb_old_content":"","_et_gb_content_width":"","footnotes":""},"class_list":["post-63","page","type-page","status-publish","hentry"],"_links":{"self":[{"href":"https:\/\/www.perfekt-izolace.cz\/index.php\/wp-json\/wp\/v2\/pages\/63","targetHints":{"allow":["GET"]}}],"collection":[{"href":"https:\/\/www.perfekt-izolace.cz\/index.php\/wp-json\/wp\/v2\/pages"}],"about":[{"href":"https:\/\/www.perfekt-izolace.cz\/index.php\/wp-json\/wp\/v2\/types\/page"}],"author":[{"embeddable":true,"href":"https:\/\/www.perfekt-izolace.cz\/index.php\/wp-json\/wp\/v2\/users\/1"}],"replies":[{"embeddable":true,"href":"https:\/\/www.perfekt-izolace.cz\/index.php\/wp-json\/wp\/v2\/comments?post=63"}],"version-history":[{"count":17,"href":"https:\/\/www.perfekt-izolace.cz\/index.php\/wp-json\/wp\/v2\/pages\/63\/revisions"}],"predecessor-version":[{"id":189,"href":"https:\/\/www.perfekt-izolace.cz\/index.php\/wp-json\/wp\/v2\/pages\/63\/revisions\/189"}],"wp:attachment":[{"href":"https:\/\/www.perfekt-izolace.cz\/index.php\/wp-json\/wp\/v2\/media?parent=63"}],"curies":[{"name":"wp","href":"https:\/\/api.w.org\/{rel}","templated":true}]}}